{"id":162,"date":"2021-05-08T10:21:50","date_gmt":"2021-05-08T10:21:50","guid":{"rendered":"https:\/\/gofio.shop\/?page_id=162"},"modified":"2024-03-17T16:49:41","modified_gmt":"2024-03-17T16:49:41","slug":"aviso-legal","status":"publish","type":"page","link":"https:\/\/gofio.shop\/es\/aviso-legal\/","title":{"rendered":"Aviso legal"},"content":{"rendered":"<p><div class=\"fusion-fullwidth fullwidth-box fusion-builder-row-1 fusion-flex-container nonhundred-percent-fullwidth non-hundred-percent-height-scrolling\" style=\"--awb-border-radius-top-left:0px;--awb-border-radius-top-right:0px;--awb-border-radius-bottom-right:0px;--awb-border-radius-bottom-left:0px;--awb-background-color:#c5dbe7;--awb-flex-wrap:wrap;\" ><div class=\"fusion-builder-row fusion-row fusion-flex-align-items-flex-start fusion-flex-justify-content-center fusion-flex-content-wrap\" style=\"max-width:1664px;margin-left: calc(-4% \/ 2 );margin-right: calc(-4% \/ 2 );\"><div class=\"fusion-layout-column fusion_builder_column fusion-builder-column-0 fusion_builder_column_3_4 3_4 fusion-flex-column\" style=\"--awb-bg-size:cover;--awb-width-large:75%;--awb-margin-top-large:50px;--awb-spacing-right-large:2.56%;--awb-margin-bottom-large:20px;--awb-spacing-left-large:2.56%;--awb-width-medium:75%;--awb-order-medium:0;--awb-spacing-right-medium:2.56%;--awb-spacing-left-medium:2.56%;--awb-width-small:100%;--awb-order-small:0;--awb-spacing-right-small:1.92%;--awb-spacing-left-small:1.92%;\"><div class=\"fusion-column-wrapper fusion-column-has-shadow fusion-flex-justify-content-flex-start fusion-content-layout-column\"><div class=\"fusion-text fusion-text-1\" style=\"--awb-text-font-family:&quot;Poppins-Light&quot;;--awb-text-font-style:normal;--awb-text-font-weight:400;\"><h1><span style=\"color: #333333;\"><b>AVISO LEGAL<\/b><\/span><\/h1>\n<p><span style=\"font-weight: 400;\">En virtud del <\/span><b>Reglamento Europeo UE 2016\/679 de 27 de abril de 2016. (RGPD). Ley Org\u00e1nica 3\/2018, de 5 de diciembre, de Protecci\u00f3n de Datos Personales y Garant\u00eda de los Derechos Digitales y la Ley de Internet, LSSICE, Ley de Servicios de la Sociedad de la Informaci\u00f3n y el Comercio Electr\u00f3nico. Ley 34\/2002 de 11 de julio<\/b><span style=\"font-weight: 400;\">, se le comunica lo siguiente:<\/span><\/p>\n<p><span style=\"font-weight: 400;\">http:\/\/www.gofiolapina.es\/<\/span><span style=\"font-weight: 400;\"> es un dominio en internet de titularidad \u201c<\/span><b>GOFIO LA PI\u00d1A, S.L.\u201d <\/b><span style=\"font-weight: 400;\">con NIF<\/span><b> B35064021<\/b><span style=\"font-weight: 400;\">, con domicilio en la Calle Manuel Gonz\u00e1lez Mart\u00edn, 12, C.P.35006 de Las Palmas de Gran Canaria, Las Palmas. Espa\u00f1a. Empresa inscrita en el Registro Mercantil de Las Palmas. Tomo 1920; Libro 0; Folio 16; Inscripci\u00f3n 11\u00aa, Hoja GC- 6864.\u00a0<\/span><\/p>\n<p><span style=\"font-weight: 400;\">\u201c<\/span><b>GOFIO LA PI\u00d1A, S.L.\u201d, <\/b><span style=\"font-weight: 400;\">responsable del sitio web, en adelante RESPONSABLE, pone a disposici\u00f3n de los usuarios el presente documento, con el que pretende dar cumplimiento a las obligaciones dispuestas en la Ley 34\/2002, de 11 de julio, de Servicios de la Sociedad de la Informaci\u00f3n y de Comercio Electr\u00f3nico (LSSICE), BOE N \u00ba 166, as\u00ed como informar a todos los usuarios del sitio web respecto a cu\u00e1les son las condiciones de uso. Toda persona que acceda a este sitio web asume el papel de usuario, comprometi\u00e9ndose a la observancia y cumplimiento riguroso de las disposiciones aqu\u00ed dispuestas, as\u00ed como a cualquier otra disposici\u00f3n legal que fuera de aplicaci\u00f3n. \u201c<\/span><b>GOFIO LA PI\u00d1A, S.L.\u201d <\/b><span style=\"font-weight: 400;\">se reserva el derecho de modificar cualquier tipo de informaci\u00f3n que pudiera aparecer en el sitio web, sin que exista obligaci\u00f3n de preavisar o poner en conocimiento de los usuarios dichas obligaciones, entendi\u00e9ndose como suficiente con la publicaci\u00f3n en el sitio web de \u201c<\/span><b>GOFIO LA PI\u00d1A, S.L.\u201d<\/b><\/p>\n<ol>\n<li>\n<h2><b> DERECHOS DE PROPIEDAD INTELECTUAL E INDUSTRIAL<\/b><\/h2>\n<p><span style=\"font-weight: 400;\">. El sitio web, incluyendo a t\u00edtulo enunciativo, pero no limitativo su programaci\u00f3n, edici\u00f3n, compilaci\u00f3n y dem\u00e1s elementos necesarios para su funcionamiento, los dise\u00f1os, logotipos, texto y\/o gr\u00e1ficos, son propiedad del RESPONSABLE o, si es el caso, dispone de licencia o autorizaci\u00f3n expresa por parte de los autores. Todos los contenidos del sitio web se encuentran debidamente protegidos por la normativa de propiedad intelectual e industrial, as\u00ed como inscritos en los registros p\u00fablicos correspondientes. Independientemente de la finalidad para la que fueran destinados, la reproducci\u00f3n total o parcial, uso, explotaci\u00f3n, distribuci\u00f3n y comercializaci\u00f3n, requiere en todo caso de la autorizaci\u00f3n escrita previa por parte del RESPONSABLE. Cualquier uso no autorizado previamente se considera un incumplimiento grave de los derechos de propiedad intelectual o industrial del autor. Los dise\u00f1os, logotipos, texto y\/o gr\u00e1ficos ajenos al RESPONSABLE y que pudieran aparecer en el sitio web, pertenecen a sus respectivos propietarios, siendo ellos mismos responsables de cualquier posible controversia que pudiera suscitarse respecto a los mismos. El RESPONSABLE autoriza expresamente a que terceros puedan redirigir directamente a los contenidos concretos del sitio web, y en todo caso redirigir al sitio web principal <\/span><span style=\"font-weight: 400;\">http:\/\/www.gofiolapina.es\/<\/span><\/li>\n<\/ol>\n<p><span style=\"font-weight: 400;\">El RESPONSABLE reconoce a favor de sus titulares los correspondientes derechos de propiedad intelectual e industrial, no implicando su sola menci\u00f3n o aparici\u00f3n en el sitio web la existencia de derechos o responsabilidad alguna sobre los mismos, como tampoco respaldo, patrocinio recomendaci\u00f3n por parte del mismo.\u00a0<\/span><\/p>\n<p><span style=\"font-weight: 400;\">Para realizar cualquier tipo de observaci\u00f3n respecto a posibles incumplimientos de los derechos de propiedad intelectual o industrial, as\u00ed como sobre cualquiera de los contenidos del sitio web, puede hacerlo a trav\u00e9s del correo electr\u00f3nico <\/span><a href=\"mailto:calidad@gofiolapina.es\"><span style=\"font-weight: 400;\">calidad@gofiolapina.es<\/span><\/a> <span style=\"font-weight: 400;\">\u00a0\u00a0\u00a0<\/span><\/p>\n<ol start=\"2\">\n<li>\n<h2><b> EXENCI\u00d3N DE RESPONSABILIDADES.<\/b><\/h2>\n<\/li>\n<\/ol>\n<p><b>\u00a0<\/b><\/p>\n<p><span style=\"font-weight: 400;\">El RESPONSABLE se exime de cualquier tipo de responsabilidad derivada de la informaci\u00f3n publicada en su sitio web siempre que esta informaci\u00f3n haya sido manipulada o introducida por un tercero ajeno al mismo.\u00a0<\/span><\/p>\n<h3><b><i>Uso de Cookies<\/i><\/b><i><span style=\"font-weight: 400;\">\u00a0<\/span><\/i><\/h3>\n<p><span style=\"font-weight: 400;\">Este sitio web de puede utilizar cookies t\u00e9cnicas (peque\u00f1os archivos de informaci\u00f3n que el servidor env\u00eda al ordenador de quien accede a la p\u00e1gina) para llevar a cabo determinadas funciones que son consideradas imprescindibles para el correcto funcionamiento y visualizaci\u00f3n del sitio. Las cookies utilizadas tienen, en todo caso, car\u00e1cter temporal, con la \u00fanica finalidad de hacer m\u00e1s eficaz la navegaci\u00f3n, y desaparecen al terminar la sesi\u00f3n del usuario.\u00a0<\/span><\/p>\n<p><span style=\"font-weight: 400;\">Para m\u00e1s informaci\u00f3n ver Pol\u00edtica de Cookies<\/span><\/p>\n<h3><b><i>Pol\u00edtica de enlaces<\/i><\/b><\/h3>\n<p><span style=\"font-weight: 400;\">\u00a0Desde el sitio web, es posible que se redirija a contenidos de terceros sitios web. Dado que el RESPONSABLE no puede controlar siempre los contenidos introducidos por los terceros en sus respectivos sitios web, no asume ning\u00fan tipo de responsabilidad respecto a dichos contenidos. En todo caso, proceder\u00e1 a la retirada inmediata de cualquier contenido que pudiera contravenir la legislaci\u00f3n nacional o internacional, la moral o el orden p\u00fablico, procediendo a la retirada inmediata de la redirecci\u00f3n a dicho sitio web, poniendo en conocimiento de las autoridades competentes el contenido en cuesti\u00f3n. El RESPONSABLE no se hace responsable de la informaci\u00f3n y contenidos almacenados, a t\u00edtulo enunciativo, pero no limitativo, en foros, chats, generadores de blogs, comentarios, redes sociales o cualquier otro medio que permita a terceros publicar contenidos de forma independiente en la p\u00e1gina web del RESPONSABLE. Sin embargo, y en cumplimiento de lo dispuesto en los art\u00edculos 11 y 16 de la LSSICE, se pone a disposici\u00f3n de todos los usuarios, autoridades y fuerzas de seguridad, colaborando de forma activa en la retirada o, en su caso, bloqueo de todos aquellos contenidos que puedan afectar o contravenir la legislaci\u00f3n nacional o internacional, los derechos de terceros o la moral y el orden p\u00fablico. En caso de que el usuario considere que existe en el sitio web alg\u00fan contenido que pudiera ser susceptible de esta clasificaci\u00f3n, se ruega lo notifique de forma inmediata al administrador del sitio web. Este sitio web ha sido revisado y probado para que funcione correctamente. En principio, puede garantizarse el correcto funcionamiento los 365 d\u00edas del a\u00f1o, 24 horas al d\u00eda. Sin embargo, el RESPONSABLE no descarta la posibilidad de que existan ciertos errores de programaci\u00f3n, o que acontezcan causas de fuerza mayor, cat\u00e1strofes naturales, huelgas o circunstancias semejantes que hagan imposible el acceso a la p\u00e1gina web.\u00a0<\/span><\/p>\n<h3><b><i>Direcciones IP<\/i><\/b><i><span style=\"font-weight: 400;\">.<\/span><\/i><\/h3>\n<p><span style=\"font-weight: 400;\">Los servidores del sitio web podr\u00e1n detectar de manera autom\u00e1tica la direcci\u00f3n IP y el nombre de dominio utilizados por el usuario. Una direcci\u00f3n IP es un n\u00famero asignado autom\u00e1ticamente a un ordenador cuando \u00e9ste se conecta a Internet. Toda esta informaci\u00f3n es registrada en un fichero de actividad del servidor debidamente inscrito que permite el posterior procesamiento de los datos con el fin de obtener mediciones \u00fanicamente estad\u00edsticas que permitan conocer el n\u00famero de impresiones de p\u00e1ginas, el n\u00famero de visitas realizadas a los servidores web, el orden de visitas, el punto de acceso, etc.\u00a0<\/span><\/p>\n<ol start=\"3\">\n<li>\n<h2><b> LEY APLICABLE Y JURISDICCI\u00d3N<\/b>.<\/h2>\n<\/li>\n<\/ol>\n<p><span style=\"font-weight: 400;\">Para la resoluci\u00f3n de todas las controversias o cuestiones relacionadas con el presente sitio web o de las actividades en \u00e9l desarrolladas, ser\u00e1 de aplicaci\u00f3n la legislaci\u00f3n espa\u00f1ola, a la que se someten expresamente las partes, siendo competentes para la resoluci\u00f3n de todos los conflictos derivados o relacionados con su uso los Juzgados y Tribunales m\u00e1s cercanos a Las Palmas de Gran Canaria.<\/span><\/p>\n<p><span style=\"font-weight: 400;\">Los contenidos, organizaci\u00f3n y elecci\u00f3n de enlaces interesantes han sido seleccionados y coordinados por \u201c<\/span><b>GOFIO LA PI\u00d1A, S.L.\u201d<\/b><span style=\"font-weight: 400;\">\u00a0<\/span><\/p>\n<p><span style=\"font-weight: 400;\">Se proh\u00edbe la reproducci\u00f3n total o parcial de los contenidos de esta WEB sin citar su origen o solicitar autorizaci\u00f3n.<\/span><\/p>\n<\/div><\/div><\/div><\/div><\/div><div class=\"fusion-fullwidth fullwidth-box fusion-builder-row-2 fusion-flex-container hundred-percent-fullwidth non-hundred-percent-height-scrolling\" style=\"--awb-border-sizes-top:0;--awb-border-sizes-bottom:0;--awb-border-sizes-left:0;--awb-border-sizes-right:0;--awb-border-radius-top-left:0px;--awb-border-radius-top-right:0px;--awb-border-radius-bottom-right:0px;--awb-border-radius-bottom-left:0px;--awb-overflow:visible;--awb-padding-top:0px;--awb-padding-right:0px;--awb-padding-bottom:0px;--awb-padding-left:0px;--awb-margin-top:0px;--awb-margin-bottom:0px;--awb-background-color:rgba(255,255,255,0);--awb-flex-wrap:wrap;\" ><div class=\"fusion-builder-row fusion-row fusion-flex-align-items-flex-start fusion-flex-content-wrap\" style=\"width:104% !important;max-width:104% !important;margin-left: calc(-4% \/ 2 );margin-right: calc(-4% \/ 2 );\"><div class=\"fusion-layout-column fusion_builder_column fusion-builder-column-1 fusion_builder_column_1_1 1_1 fusion-flex-column fusion-flex-align-self-flex-end\" style=\"--awb-bg-size:cover;--awb-width-large:100%;--awb-margin-top-large:0px;--awb-spacing-right-large:1.92%;--awb-margin-bottom-large:0px;--awb-spacing-left-large:1.92%;--awb-width-medium:100%;--awb-order-medium:0;--awb-spacing-right-medium:1.92%;--awb-spacing-left-medium:1.92%;--awb-width-small:100%;--awb-order-small:0;--awb-spacing-right-small:1.92%;--awb-spacing-left-small:1.92%;\"><div class=\"fusion-column-wrapper fusion-column-has-shadow fusion-flex-justify-content-flex-end fusion-content-layout-column\"><div class=\"fusion-image-element \" style=\"--awb-max-width:100%;--awb-caption-title-font-family:var(--h2_typography-font-family);--awb-caption-title-font-weight:var(--h2_typography-font-weight);--awb-caption-title-font-style:var(--h2_typography-font-style);--awb-caption-title-size:var(--h2_typography-font-size);--awb-caption-title-transform:var(--h2_typography-text-transform);--awb-caption-title-line-height:var(--h2_typography-line-height);--awb-caption-title-letter-spacing:var(--h2_typography-letter-spacing);\"><span class=\" fusion-imageframe imageframe-none imageframe-1 hover-type-none full-width\"><img decoding=\"async\" width=\"5433\" height=\"556\" title=\"base onda min\" src=\"https:\/\/gofio.shop\/wp-content\/uploads\/2021\/05\/base-onda-min.png\" alt class=\"img-responsive wp-image-364\" srcset=\"https:\/\/gofio.shop\/wp-content\/uploads\/2021\/05\/base-onda-min-200x20.png 200w, https:\/\/gofio.shop\/wp-content\/uploads\/2021\/05\/base-onda-min-400x41.png 400w, https:\/\/gofio.shop\/wp-content\/uploads\/2021\/05\/base-onda-min-600x61.png 600w, https:\/\/gofio.shop\/wp-content\/uploads\/2021\/05\/base-onda-min-800x82.png 800w, https:\/\/gofio.shop\/wp-content\/uploads\/2021\/05\/base-onda-min-1200x123.png 1200w, https:\/\/gofio.shop\/wp-content\/uploads\/2021\/05\/base-onda-min.png 5433w\" sizes=\"(max-width: 640px) 100vw, 5433px\" \/><\/span><\/div><\/div><\/div><\/div><\/div>\n<div class=\"fusion-fullwidth fullwidth-box fusion-builder-row-3 fusion-flex-container has-pattern-background has-mask-background nonhundred-percent-fullwidth non-hundred-percent-height-scrolling\" style=\"--awb-border-radius-top-left:0px;--awb-border-radius-top-right:0px;--awb-border-radius-bottom-right:0px;--awb-border-radius-bottom-left:0px;--awb-padding-top:90px;--awb-padding-top-medium:75px;--awb-padding-top-small:60px;--awb-flex-wrap:wrap;\" ><div class=\"fusion-builder-row fusion-row fusion-flex-align-items-flex-start fusion-flex-justify-content-center fusion-flex-content-wrap\" style=\"max-width:1664px;margin-left: calc(-4% \/ 2 );margin-right: calc(-4% \/ 2 );\"><div class=\"fusion-layout-column fusion_builder_column fusion-builder-column-2 fusion_builder_column_1_4 1_4 fusion-flex-column fusion-flex-align-self-flex-start\" style=\"--awb-padding-top:0px;--awb-padding-right:30px;--awb-padding-bottom:0px;--awb-padding-left:30px;--awb-bg-size:cover;--awb-width-large:25%;--awb-margin-top-large:0px;--awb-spacing-right-large:7.68%;--awb-margin-bottom-large:20px;--awb-spacing-left-large:7.68%;--awb-width-medium:33.333333333333%;--awb-order-medium:0;--awb-spacing-right-medium:5.76%;--awb-spacing-left-medium:5.76%;--awb-width-small:100%;--awb-order-small:0;--awb-spacing-right-small:1.92%;--awb-spacing-left-small:1.92%;\" data-scroll-devices=\"small-visibility,medium-visibility,large-visibility\"><div class=\"fusion-column-wrapper fusion-column-has-shadow fusion-flex-justify-content-flex-start fusion-content-layout-column\"><div class=\"fusion-image-element sm-text-align-center\" style=\"text-align:left;--awb-margin-bottom:30px;--awb-max-width:50%;--awb-caption-title-font-family:var(--h2_typography-font-family);--awb-caption-title-font-weight:var(--h2_typography-font-weight);--awb-caption-title-font-style:var(--h2_typography-font-style);--awb-caption-title-size:var(--h2_typography-font-size);--awb-caption-title-transform:var(--h2_typography-text-transform);--awb-caption-title-line-height:var(--h2_typography-line-height);--awb-caption-title-letter-spacing:var(--h2_typography-letter-spacing);\"><span class=\" fusion-imageframe imageframe-none imageframe-2 hover-type-none\"><a class=\"fusion-no-lightbox\" href=\"https:\/\/gofio.shop\/es\/\" target=\"_self\" aria-label=\"Logo\"><img decoding=\"async\" width=\"300\" height=\"90\" src=\"https:\/\/gofio.shop\/wp-content\/uploads\/2024\/03\/Logo-300x90.png\" alt class=\"img-responsive wp-image-3312\" srcset=\"https:\/\/gofio.shop\/wp-content\/uploads\/2024\/03\/Logo-200x60.png 200w, https:\/\/gofio.shop\/wp-content\/uploads\/2024\/03\/Logo-400x120.png 400w, https:\/\/gofio.shop\/wp-content\/uploads\/2024\/03\/Logo-600x179.png 600w, https:\/\/gofio.shop\/wp-content\/uploads\/2024\/03\/Logo-800x239.png 800w, https:\/\/gofio.shop\/wp-content\/uploads\/2024\/03\/Logo.png 887w\" sizes=\"(max-width: 640px) 100vw, 400px\" \/><\/a><\/span><\/div><div class=\"fusion-text fusion-text-2 sm-text-align-center\" style=\"--awb-font-size:12px;--awb-line-height:1.5em;--awb-text-color:#756e65;--awb-text-font-family:&quot;Poppins-Light&quot;;--awb-text-font-style:normal;--awb-text-font-weight:400;\"><p>P\u00e1gina subvencionada<\/p>\n<\/div><div class=\"fusion-text fusion-text-3 sm-text-align-center\" style=\"--awb-font-size:12px;--awb-line-height:1.5em;--awb-text-color:#756e65;--awb-text-font-family:&quot;Poppins-Light&quot;;--awb-text-font-style:normal;--awb-text-font-weight:400;\"><p>\u00a9 Gofio La Pi\u00f1a<\/p>\n<\/div><\/div><\/div><div class=\"fusion-layout-column fusion_builder_column fusion-builder-column-3 fusion_builder_column_1_4 1_4 fusion-flex-column fusion-flex-align-self-flex-start\" style=\"--awb-padding-top:0px;--awb-padding-right:30px;--awb-padding-bottom:0px;--awb-padding-left:30px;--awb-padding-top-small:40px;--awb-padding-bottom-small:20px;--awb-bg-size:cover;--awb-width-large:25%;--awb-margin-top-large:0px;--awb-spacing-right-large:7.68%;--awb-margin-bottom-large:20px;--awb-spacing-left-large:7.68%;--awb-width-medium:33.333333333333%;--awb-order-medium:0;--awb-spacing-right-medium:5.76%;--awb-spacing-left-medium:5.76%;--awb-width-small:100%;--awb-order-small:0;--awb-spacing-right-small:1.92%;--awb-spacing-left-small:1.92%;\" data-scroll-devices=\"small-visibility,medium-visibility,large-visibility\"><div class=\"fusion-column-wrapper fusion-column-has-shadow fusion-flex-justify-content-flex-start fusion-content-layout-column\"><div class=\"fusion-title title fusion-title-1 fusion-sep-none fusion-title-center fusion-title-text fusion-title-size-two\" style=\"--awb-text-color:#756e65;--awb-font-size:14px;\"><h2 class=\"fusion-title-heading title-heading-center\" style=\"font-family:&quot;Poppins-Black&quot;;font-style:normal;font-weight:400;margin:0;font-size:1em;letter-spacing:2px;\">INFORMACION<\/h2><\/div><div class=\"fusion-text fusion-text-4 fusion-text-no-margin\" style=\"--awb-font-size:12px;--awb-line-height:1.5em;--awb-text-color:#756e65;--awb-margin-top:0px;--awb-margin-bottom:0px;--awb-text-font-family:&quot;Poppins-Light&quot;;--awb-text-font-style:normal;--awb-text-font-weight:400;\"><p style=\"text-align: center;\"><a href=\"https:\/\/gofio.shop\/es\/transparencia\/\">Transparencia<\/a><\/p>\n<p style=\"text-align: center;\"><a href=\"https:\/\/gofio.shop\/es\/hablamos\/\">Colaboraciones y B2B<\/a><\/p>\n<p style=\"text-align: center;\"><a href=\"https:\/\/gofio.shop\/es\/politica-de-calidad-y-seguridad-alimentaria\/\">Pol\u00edtica de Calidad y Seguridad Alimentaria<\/a><\/p>\n<\/div><\/div><\/div><div class=\"fusion-layout-column fusion_builder_column fusion-builder-column-4 fusion_builder_column_1_4 1_4 fusion-flex-column fusion-flex-align-self-flex-start\" style=\"--awb-padding-right:30px;--awb-padding-left:30px;--awb-bg-size:cover;--awb-width-large:25%;--awb-margin-top-large:0px;--awb-spacing-right-large:7.68%;--awb-margin-bottom-large:20px;--awb-spacing-left-large:7.68%;--awb-width-medium:33.333333333333%;--awb-order-medium:0;--awb-spacing-right-medium:5.76%;--awb-spacing-left-medium:5.76%;--awb-width-small:100%;--awb-order-small:0;--awb-spacing-right-small:1.92%;--awb-spacing-left-small:1.92%;\" data-scroll-devices=\"small-visibility,medium-visibility,large-visibility\"><div class=\"fusion-column-wrapper fusion-column-has-shadow fusion-flex-justify-content-flex-start fusion-content-layout-column\"><div class=\"fusion-title title fusion-title-2 fusion-sep-none fusion-title-center fusion-title-text fusion-title-size-two\" style=\"--awb-text-color:#756e65;--awb-font-size:14px;\"><h2 class=\"fusion-title-heading title-heading-center\" style=\"font-family:&quot;Poppins-Black&quot;;font-style:normal;font-weight:400;margin:0;font-size:1em;letter-spacing:2px;\">LEGAL<\/h2><\/div><div class=\"fusion-text fusion-text-5\" style=\"--awb-font-size:12px;--awb-line-height:1.5em;--awb-text-color:#756e65;--awb-text-font-family:&quot;Poppins-Light&quot;;--awb-text-font-style:normal;--awb-text-font-weight:400;\"><p style=\"text-align: center;\"><a href=\"https:\/\/gofio.shop\/aviso-legal\/\">Aviso Legal<\/a><\/p>\n<p style=\"text-align: center;\"><a href=\"https:\/\/gofio.shop\/politica-de-cookies\/\">Pol\u00edtica Cookies<\/a><\/p>\n<p style=\"text-align: center;\"><a href=\"https:\/\/gofio.shop\/politica-privacidad\/\">Pol\u00edtica Privacidad<\/a><\/p>\n<\/div><\/div><\/div><\/div><\/div>\n<\/p>\n","protected":false},"excerpt":{"rendered":"","protected":false},"author":1,"featured_media":0,"parent":0,"menu_order":100,"comment_status":"closed","ping_status":"closed","template":"100-width.php","meta":{"_monsterinsights_skip_tracking":false,"_monsterinsights_sitenote_active":false,"_monsterinsights_sitenote_note":"","_monsterinsights_sitenote_category":0,"footnotes":""},"class_list":["post-162","page","type-page","status-publish","hentry"],"yoast_head":"<!-- This site is optimized with the Yoast SEO plugin v27.2 - https:\/\/yoast.com\/product\/yoast-seo-wordpress\/ -->\n<title>Aviso legal - Gofio La Pi\u00f1a<\/title>\n<meta name=\"robots\" content=\"index, follow, max-snippet:-1, max-image-preview:large, max-video-preview:-1\" \/>\n<link rel=\"canonical\" href=\"https:\/\/gofio.shop\/es\/aviso-legal\/\" \/>\n<meta property=\"og:locale\" content=\"es_ES\" \/>\n<meta property=\"og:type\" content=\"article\" \/>\n<meta property=\"og:title\" content=\"Aviso legal - Gofio La Pi\u00f1a\" \/>\n<meta property=\"og:url\" content=\"https:\/\/gofio.shop\/es\/aviso-legal\/\" \/>\n<meta property=\"og:site_name\" content=\"Gofio La Pi\u00f1a\" \/>\n<meta property=\"article:modified_time\" content=\"2024-03-17T16:49:41+00:00\" \/>\n<meta name=\"twitter:card\" content=\"summary_large_image\" \/>\n<meta name=\"twitter:label1\" content=\"Tiempo de lectura\" \/>\n\t<meta name=\"twitter:data1\" content=\"8 minutos\" \/>\n<script type=\"application\/ld+json\" class=\"yoast-schema-graph\">{\"@context\":\"https:\/\/schema.org\",\"@graph\":[{\"@type\":\"WebPage\",\"@id\":\"https:\/\/gofio.shop\/es\/aviso-legal\/\",\"url\":\"https:\/\/gofio.shop\/es\/aviso-legal\/\",\"name\":\"Aviso legal - Gofio La Pi\u00f1a\",\"isPartOf\":{\"@id\":\"https:\/\/gofio.shop\/es\/#website\"},\"datePublished\":\"2021-05-08T10:21:50+00:00\",\"dateModified\":\"2024-03-17T16:49:41+00:00\",\"breadcrumb\":{\"@id\":\"https:\/\/gofio.shop\/es\/aviso-legal\/#breadcrumb\"},\"inLanguage\":\"es\",\"potentialAction\":[{\"@type\":\"ReadAction\",\"target\":[\"https:\/\/gofio.shop\/es\/aviso-legal\/\"]}]},{\"@type\":\"BreadcrumbList\",\"@id\":\"https:\/\/gofio.shop\/es\/aviso-legal\/#breadcrumb\",\"itemListElement\":[{\"@type\":\"ListItem\",\"position\":1,\"name\":\"Portada\",\"item\":\"https:\/\/gofio.shop\/es\/\"},{\"@type\":\"ListItem\",\"position\":2,\"name\":\"Aviso legal\"}]},{\"@type\":\"WebSite\",\"@id\":\"https:\/\/gofio.shop\/es\/#website\",\"url\":\"https:\/\/gofio.shop\/es\/\",\"name\":\"Gofio La Pi\u00f1a\",\"description\":\"\",\"potentialAction\":[{\"@type\":\"SearchAction\",\"target\":{\"@type\":\"EntryPoint\",\"urlTemplate\":\"https:\/\/gofio.shop\/es\/?s={search_term_string}\"},\"query-input\":{\"@type\":\"PropertyValueSpecification\",\"valueRequired\":true,\"valueName\":\"search_term_string\"}}],\"inLanguage\":\"es\"}]}<\/script>\n<!-- \/ Yoast SEO plugin. -->","yoast_head_json":{"title":"Aviso legal - Gofio La Pi\u00f1a","robots":{"index":"index","follow":"follow","max-snippet":"max-snippet:-1","max-image-preview":"max-image-preview:large","max-video-preview":"max-video-preview:-1"},"canonical":"https:\/\/gofio.shop\/es\/aviso-legal\/","og_locale":"es_ES","og_type":"article","og_title":"Aviso legal - Gofio La Pi\u00f1a","og_url":"https:\/\/gofio.shop\/es\/aviso-legal\/","og_site_name":"Gofio La Pi\u00f1a","article_modified_time":"2024-03-17T16:49:41+00:00","twitter_card":"summary_large_image","twitter_misc":{"Tiempo de lectura":"8 minutos"},"schema":{"@context":"https:\/\/schema.org","@graph":[{"@type":"WebPage","@id":"https:\/\/gofio.shop\/es\/aviso-legal\/","url":"https:\/\/gofio.shop\/es\/aviso-legal\/","name":"Aviso legal - Gofio La Pi\u00f1a","isPartOf":{"@id":"https:\/\/gofio.shop\/es\/#website"},"datePublished":"2021-05-08T10:21:50+00:00","dateModified":"2024-03-17T16:49:41+00:00","breadcrumb":{"@id":"https:\/\/gofio.shop\/es\/aviso-legal\/#breadcrumb"},"inLanguage":"es","potentialAction":[{"@type":"ReadAction","target":["https:\/\/gofio.shop\/es\/aviso-legal\/"]}]},{"@type":"BreadcrumbList","@id":"https:\/\/gofio.shop\/es\/aviso-legal\/#breadcrumb","itemListElement":[{"@type":"ListItem","position":1,"name":"Portada","item":"https:\/\/gofio.shop\/es\/"},{"@type":"ListItem","position":2,"name":"Aviso legal"}]},{"@type":"WebSite","@id":"https:\/\/gofio.shop\/es\/#website","url":"https:\/\/gofio.shop\/es\/","name":"Gofio La Pi\u00f1a","description":"","potentialAction":[{"@type":"SearchAction","target":{"@type":"EntryPoint","urlTemplate":"https:\/\/gofio.shop\/es\/?s={search_term_string}"},"query-input":{"@type":"PropertyValueSpecification","valueRequired":true,"valueName":"search_term_string"}}],"inLanguage":"es"}]}},"_links":{"self":[{"href":"https:\/\/gofio.shop\/es\/wp-json\/wp\/v2\/pages\/162","targetHints":{"allow":["GET"]}}],"collection":[{"href":"https:\/\/gofio.shop\/es\/wp-json\/wp\/v2\/pages"}],"about":[{"href":"https:\/\/gofio.shop\/es\/wp-json\/wp\/v2\/types\/page"}],"author":[{"embeddable":true,"href":"https:\/\/gofio.shop\/es\/wp-json\/wp\/v2\/users\/1"}],"replies":[{"embeddable":true,"href":"https:\/\/gofio.shop\/es\/wp-json\/wp\/v2\/comments?post=162"}],"version-history":[{"count":12,"href":"https:\/\/gofio.shop\/es\/wp-json\/wp\/v2\/pages\/162\/revisions"}],"predecessor-version":[{"id":3679,"href":"https:\/\/gofio.shop\/es\/wp-json\/wp\/v2\/pages\/162\/revisions\/3679"}],"wp:attachment":[{"href":"https:\/\/gofio.shop\/es\/wp-json\/wp\/v2\/media?parent=162"}],"curies":[{"name":"wp","href":"https:\/\/api.w.org\/{rel}","templated":true}]}}