{"id":3164,"date":"2022-07-20T16:06:42","date_gmt":"2022-07-20T16:06:42","guid":{"rendered":"https:\/\/gofio.shop\/?page_id=3164"},"modified":"2024-09-16T12:54:32","modified_gmt":"2024-09-16T12:54:32","slug":"politica-de-calidad-y-seguridad-alimentaria","status":"publish","type":"page","link":"https:\/\/gofio.shop\/es\/politica-de-calidad-y-seguridad-alimentaria\/","title":{"rendered":"Pol\u00edtica de Calidad y Seguridad Alimentaria"},"content":{"rendered":"<p><div class=\"fusion-fullwidth fullwidth-box fusion-builder-row-1 fusion-flex-container nonhundred-percent-fullwidth non-hundred-percent-height-scrolling\" style=\"--awb-border-radius-top-left:0px;--awb-border-radius-top-right:0px;--awb-border-radius-bottom-right:0px;--awb-border-radius-bottom-left:0px;--awb-background-color:rgba(255,255,255,0);--awb-flex-wrap:wrap;\" ><div class=\"fusion-builder-row fusion-row fusion-flex-align-items-center fusion-flex-justify-content-center fusion-flex-content-wrap\" style=\"max-width:1664px;margin-left: calc(-4% \/ 2 );margin-right: calc(-4% \/ 2 );\"><div class=\"fusion-layout-column fusion_builder_column fusion-builder-column-0 fusion_builder_column_2_3 2_3 fusion-flex-column\" style=\"--awb-bg-size:cover;--awb-width-large:66.666666666667%;--awb-margin-top-large:0px;--awb-spacing-right-large:2.88%;--awb-margin-bottom-large:20px;--awb-spacing-left-large:2.88%;--awb-width-medium:66.666666666667%;--awb-order-medium:0;--awb-spacing-right-medium:2.88%;--awb-spacing-left-medium:2.88%;--awb-width-small:100%;--awb-order-small:0;--awb-spacing-right-small:1.92%;--awb-spacing-left-small:1.92%;\"><div class=\"fusion-column-wrapper fusion-column-has-shadow fusion-flex-justify-content-flex-start fusion-content-layout-column\"><div class=\"fusion-title title fusion-title-1 fusion-sep-none fusion-title-text fusion-title-size-one\" style=\"--awb-margin-top:100px;--awb-margin-bottom:30px;--awb-margin-top-small:40px;--awb-margin-top-medium:50px;--awb-margin-bottom-medium:15px;\"><h1 class=\"fusion-title-heading title-heading-left\" style=\"margin:0;\">Pol\u00edtica de Calidad y Seguridad Alimentaria<\/h1><\/div><div class=\"fusion-text fusion-text-1\"><p><span style=\"font-weight: 400;\">La\u00a0 Direcci\u00f3n de<\/span><b>\u00a0 GOFIO LA PI\u00d1A, S.L. , <\/b><span style=\"font-weight: 400;\">empresa\u00a0 dedicada a: <\/span><b>\u00a0Dise\u00f1o, elaboraci\u00f3n, envasado y distribuci\u00f3n de Gofio<\/b><span style=\"font-weight: 400;\">,\u00a0 reconoce dentro de la estrategia de la empresa, la Gesti\u00f3n de la Calidad y la Inocuidad Alimentaria como un pilar en su compromiso con la mejora continua as\u00ed como la consecuci\u00f3n de su principal objetivo: \u201cLa plena satisfacci\u00f3n del cliente\u201d,\u00a0 superando sus expectativas en cuanto a la calidad\u00a0 de sus productos, seguridad de los mismos, cumplimiento legal de la normativa, especificaciones t\u00e9cnicas, de procesos y organizativas.\u00a0<\/span><\/p>\n<p><span style=\"font-weight: 400;\">As\u00ed mismo, se analiza el contexto interno y externo con el fin de identificar de forma continua riesgos y oportunidades que contribuyan a la mejora del sistema y garantizar la Seguridad Alimentaria en la organizaci\u00f3n.\u00a0<\/span><\/p>\n<p><span style=\"font-weight: 400;\">Mediante su Sistema de Calidad y Seguridad Alimentaria, quiere demostrar a los clientes su preocupaci\u00f3n y compromiso por la calidad y seguridad de sus productos, as\u00ed como lograr una garant\u00eda de futuro que s\u00f3lo las organizaciones competitivas y a la vanguardia en el mercado pueden ofrecer.<\/span><\/p>\n<p><span style=\"font-weight: 400;\">Como consecuencia de este compromiso, ha implantado en todos los niveles de la organizaci\u00f3n un Sistema de Gesti\u00f3n de la Calidad y la Seguridad Alimentaria basados en las normas UNE-EN ISO 9001:2015 y UNE-EN ISO 22000:2018, con los que se compromete a cumplir con la mejora continua del Sistema de Gesti\u00f3n de la Calidad y Seguridad Alimentaria.\u00a0<\/span><\/p>\n<p><span style=\"font-weight: 400;\">Gofio La Pi\u00f1a, trabaja en pro de alcanzar los objetivos que contribuyan a la creaci\u00f3n de la Cultura alimentaria tanto en la empresa como en su entorno.<\/span><\/p>\n<p><span style=\"font-weight: 400;\">La direcci\u00f3n se asegura de que esta Pol\u00edtica de Calidad y Seguridad Alimentaria es entendida, implantada y mantenida al d\u00eda en todos los niveles de la Organizaci\u00f3n. Y para poder aplicarla, define los siguientes Objetivos Generales:<\/span><\/p>\n<ul>\n<li style=\"font-weight: 400;\" aria-level=\"1\"><span style=\"font-weight: 400;\">Conocer la totalidad de los recursos de la empresa, as\u00ed como sus capacidades permitiendo la planificaci\u00f3n de los trabajos y conseguir de este modo un <\/span><b>aumento de la satisfacci\u00f3n de los clientes.<\/b><\/li>\n<li style=\"font-weight: 400;\" aria-level=\"1\"><span style=\"font-weight: 400;\">Responsabilidad \u00e9tica y personal.<\/span><\/li>\n<li style=\"font-weight: 400;\" aria-level=\"1\"><span style=\"font-weight: 400;\">Hacer un uso sostenible de los recursos.<\/span><\/li>\n<li style=\"font-weight: 400;\" aria-level=\"1\"><span style=\"font-weight: 400;\">Elaborar productos siguiendo las mejores pr\u00e1cticas de fabricaci\u00f3n, instrucciones y protocolos.<\/span><\/li>\n<li style=\"font-weight: 400;\" aria-level=\"1\"><span style=\"font-weight: 400;\">Garantizar una total inocuidad de los alimentos, cumpliendo los requisitos legales y reglamentarios y los requisitos espec\u00edficos relativos a la inocuidad de los alimentos.<\/span><\/li>\n<li style=\"font-weight: 400;\" aria-level=\"1\"><span style=\"font-weight: 400;\">Gestionar correctamente los residuos y fomentar la responsabilidad medioambiental en la empresa.<\/span><\/li>\n<li style=\"font-weight: 400;\" aria-level=\"1\"><span style=\"font-weight: 400;\">Mantener las instalaciones en un estado higi\u00e9nico seguro para los alimentos, acorde a la normativa<\/span><\/li>\n<li style=\"font-weight: 400;\" aria-level=\"1\"><span style=\"font-weight: 400;\">Formaci\u00f3n necesaria de los trabajadores para el correcto desarrollo de todas las actividades productivas, especialmente en la manipulaci\u00f3n de alimentos, llevando a cabo las Buenas Pr\u00e1cticas en lo que a Seguridad Alimentaria se refiere.\u00a0<\/span><\/li>\n<li style=\"font-weight: 400;\" aria-level=\"1\"><span style=\"font-weight: 400;\">Analizar y controlar los requisitos de producto, seguridad de producto, calidad, cumplimiento legal, gesti\u00f3n de los procesos y todas las especificaciones t\u00e9cnicas relativas al mismo.<\/span><\/li>\n<li style=\"font-weight: 400;\" aria-level=\"1\"><span style=\"font-weight: 400;\">Un sistema de comunicaci\u00f3n efectivo y eficaz para garantizar fluidez de informaci\u00f3n y operaciones.<\/span><\/li>\n<\/ul>\n<p><span style=\"font-weight: 400;\">Para conseguir llevar a cabo la pol\u00edtica y lograr el objetivo, es absolutamente necesario el apoyo incondicional de todo el personal de la empresa manifestado a trav\u00e9s del compromiso firme y constante con la Calidad y Seguridad Alimentaria.<\/span><\/p>\n<\/div><\/div><\/div><\/div><\/div><div class=\"fusion-fullwidth fullwidth-box fusion-builder-row-2 fusion-flex-container hundred-percent-fullwidth non-hundred-percent-height-scrolling\" style=\"--awb-border-sizes-top:0;--awb-border-sizes-bottom:0;--awb-border-sizes-left:0;--awb-border-sizes-right:0;--awb-border-radius-top-left:0px;--awb-border-radius-top-right:0px;--awb-border-radius-bottom-right:0px;--awb-border-radius-bottom-left:0px;--awb-overflow:visible;--awb-padding-top:0px;--awb-padding-right:0px;--awb-padding-bottom:0px;--awb-padding-left:0px;--awb-margin-top:0px;--awb-margin-bottom:0px;--awb-background-color:rgba(255,255,255,0);--awb-flex-wrap:wrap;\" ><div class=\"fusion-builder-row fusion-row fusion-flex-align-items-flex-start fusion-flex-content-wrap\" style=\"width:104% !important;max-width:104% !important;margin-left: calc(-4% \/ 2 );margin-right: calc(-4% \/ 2 );\"><div class=\"fusion-layout-column fusion_builder_column fusion-builder-column-1 fusion_builder_column_1_1 1_1 fusion-flex-column fusion-flex-align-self-flex-end\" style=\"--awb-bg-size:cover;--awb-width-large:100%;--awb-margin-top-large:0px;--awb-spacing-right-large:1.92%;--awb-margin-bottom-large:0px;--awb-spacing-left-large:1.92%;--awb-width-medium:100%;--awb-order-medium:0;--awb-spacing-right-medium:1.92%;--awb-spacing-left-medium:1.92%;--awb-width-small:100%;--awb-order-small:0;--awb-spacing-right-small:1.92%;--awb-spacing-left-small:1.92%;\"><div class=\"fusion-column-wrapper fusion-column-has-shadow fusion-flex-justify-content-flex-end fusion-content-layout-column\"><div class=\"fusion-image-element \" style=\"--awb-max-width:100%;--awb-caption-title-font-family:var(--h2_typography-font-family);--awb-caption-title-font-weight:var(--h2_typography-font-weight);--awb-caption-title-font-style:var(--h2_typography-font-style);--awb-caption-title-size:var(--h2_typography-font-size);--awb-caption-title-transform:var(--h2_typography-text-transform);--awb-caption-title-line-height:var(--h2_typography-line-height);--awb-caption-title-letter-spacing:var(--h2_typography-letter-spacing);\"><span class=\" fusion-imageframe imageframe-none imageframe-1 hover-type-none full-width\"><img decoding=\"async\" width=\"5433\" height=\"556\" title=\"base onda min\" src=\"https:\/\/gofio.shop\/wp-content\/uploads\/2021\/05\/base-onda-min.png\" alt class=\"img-responsive wp-image-364\" srcset=\"https:\/\/gofio.shop\/wp-content\/uploads\/2021\/05\/base-onda-min-200x20.png 200w, https:\/\/gofio.shop\/wp-content\/uploads\/2021\/05\/base-onda-min-400x41.png 400w, https:\/\/gofio.shop\/wp-content\/uploads\/2021\/05\/base-onda-min-600x61.png 600w, https:\/\/gofio.shop\/wp-content\/uploads\/2021\/05\/base-onda-min-800x82.png 800w, https:\/\/gofio.shop\/wp-content\/uploads\/2021\/05\/base-onda-min-1200x123.png 1200w, https:\/\/gofio.shop\/wp-content\/uploads\/2021\/05\/base-onda-min.png 5433w\" sizes=\"(max-width: 640px) 100vw, 5433px\" \/><\/span><\/div><\/div><\/div><\/div><\/div>\n<div class=\"fusion-fullwidth fullwidth-box fusion-builder-row-3 fusion-flex-container has-pattern-background has-mask-background nonhundred-percent-fullwidth non-hundred-percent-height-scrolling\" style=\"--awb-border-radius-top-left:0px;--awb-border-radius-top-right:0px;--awb-border-radius-bottom-right:0px;--awb-border-radius-bottom-left:0px;--awb-padding-top:90px;--awb-padding-top-medium:75px;--awb-padding-top-small:60px;--awb-flex-wrap:wrap;\" ><div class=\"fusion-builder-row fusion-row fusion-flex-align-items-flex-start fusion-flex-justify-content-center fusion-flex-content-wrap\" style=\"max-width:1664px;margin-left: calc(-4% \/ 2 );margin-right: calc(-4% \/ 2 );\"><div class=\"fusion-layout-column fusion_builder_column fusion-builder-column-2 fusion_builder_column_1_4 1_4 fusion-flex-column fusion-flex-align-self-flex-start\" style=\"--awb-padding-top:0px;--awb-padding-right:30px;--awb-padding-bottom:0px;--awb-padding-left:30px;--awb-bg-size:cover;--awb-width-large:25%;--awb-margin-top-large:0px;--awb-spacing-right-large:7.68%;--awb-margin-bottom-large:20px;--awb-spacing-left-large:7.68%;--awb-width-medium:33.333333333333%;--awb-order-medium:0;--awb-spacing-right-medium:5.76%;--awb-spacing-left-medium:5.76%;--awb-width-small:100%;--awb-order-small:0;--awb-spacing-right-small:1.92%;--awb-spacing-left-small:1.92%;\" data-scroll-devices=\"small-visibility,medium-visibility,large-visibility\"><div class=\"fusion-column-wrapper fusion-column-has-shadow fusion-flex-justify-content-flex-start fusion-content-layout-column\"><div class=\"fusion-image-element sm-text-align-center\" style=\"text-align:left;--awb-margin-bottom:30px;--awb-max-width:50%;--awb-caption-title-font-family:var(--h2_typography-font-family);--awb-caption-title-font-weight:var(--h2_typography-font-weight);--awb-caption-title-font-style:var(--h2_typography-font-style);--awb-caption-title-size:var(--h2_typography-font-size);--awb-caption-title-transform:var(--h2_typography-text-transform);--awb-caption-title-line-height:var(--h2_typography-line-height);--awb-caption-title-letter-spacing:var(--h2_typography-letter-spacing);\"><span class=\" fusion-imageframe imageframe-none imageframe-2 hover-type-none\"><a class=\"fusion-no-lightbox\" href=\"https:\/\/gofio.shop\/es\/\" target=\"_self\" aria-label=\"Logo\"><img decoding=\"async\" width=\"300\" height=\"90\" src=\"https:\/\/gofio.shop\/wp-content\/uploads\/2024\/03\/Logo-300x90.png\" alt class=\"img-responsive wp-image-3312\" srcset=\"https:\/\/gofio.shop\/wp-content\/uploads\/2024\/03\/Logo-200x60.png 200w, https:\/\/gofio.shop\/wp-content\/uploads\/2024\/03\/Logo-400x120.png 400w, https:\/\/gofio.shop\/wp-content\/uploads\/2024\/03\/Logo-600x179.png 600w, https:\/\/gofio.shop\/wp-content\/uploads\/2024\/03\/Logo-800x239.png 800w, https:\/\/gofio.shop\/wp-content\/uploads\/2024\/03\/Logo.png 887w\" sizes=\"(max-width: 640px) 100vw, 400px\" \/><\/a><\/span><\/div><div class=\"fusion-text fusion-text-2 sm-text-align-center\" style=\"--awb-font-size:12px;--awb-line-height:1.5em;--awb-text-color:#756e65;--awb-text-font-family:&quot;Poppins-Light&quot;;--awb-text-font-style:normal;--awb-text-font-weight:400;\"><p>P\u00e1gina subvencionada<\/p>\n<\/div><div class=\"fusion-text fusion-text-3 sm-text-align-center\" style=\"--awb-font-size:12px;--awb-line-height:1.5em;--awb-text-color:#756e65;--awb-text-font-family:&quot;Poppins-Light&quot;;--awb-text-font-style:normal;--awb-text-font-weight:400;\"><p>\u00a9 Gofio La Pi\u00f1a<\/p>\n<\/div><\/div><\/div><div class=\"fusion-layout-column fusion_builder_column fusion-builder-column-3 fusion_builder_column_1_4 1_4 fusion-flex-column fusion-flex-align-self-flex-start\" style=\"--awb-padding-top:0px;--awb-padding-right:30px;--awb-padding-bottom:0px;--awb-padding-left:30px;--awb-padding-top-small:40px;--awb-padding-bottom-small:20px;--awb-bg-size:cover;--awb-width-large:25%;--awb-margin-top-large:0px;--awb-spacing-right-large:7.68%;--awb-margin-bottom-large:20px;--awb-spacing-left-large:7.68%;--awb-width-medium:33.333333333333%;--awb-order-medium:0;--awb-spacing-right-medium:5.76%;--awb-spacing-left-medium:5.76%;--awb-width-small:100%;--awb-order-small:0;--awb-spacing-right-small:1.92%;--awb-spacing-left-small:1.92%;\" data-scroll-devices=\"small-visibility,medium-visibility,large-visibility\"><div class=\"fusion-column-wrapper fusion-column-has-shadow fusion-flex-justify-content-flex-start fusion-content-layout-column\"><div class=\"fusion-title title fusion-title-2 fusion-sep-none fusion-title-center fusion-title-text fusion-title-size-two\" style=\"--awb-text-color:#756e65;--awb-font-size:14px;\"><h2 class=\"fusion-title-heading title-heading-center\" style=\"font-family:&quot;Poppins-Black&quot;;font-style:normal;font-weight:400;margin:0;font-size:1em;letter-spacing:2px;\">INFORMACION<\/h2><\/div><div class=\"fusion-text fusion-text-4 fusion-text-no-margin\" style=\"--awb-font-size:12px;--awb-line-height:1.5em;--awb-text-color:#756e65;--awb-margin-top:0px;--awb-margin-bottom:0px;--awb-text-font-family:&quot;Poppins-Light&quot;;--awb-text-font-style:normal;--awb-text-font-weight:400;\"><p style=\"text-align: center;\"><a href=\"https:\/\/gofio.shop\/es\/transparencia\/\">Transparencia<\/a><\/p>\n<p style=\"text-align: center;\"><a href=\"https:\/\/gofio.shop\/es\/hablamos\/\">Colaboraciones y B2B<\/a><\/p>\n<p style=\"text-align: center;\"><a href=\"https:\/\/gofio.shop\/es\/politica-de-calidad-y-seguridad-alimentaria\/\">Pol\u00edtica de Calidad y Seguridad Alimentaria<\/a><\/p>\n<\/div><\/div><\/div><div class=\"fusion-layout-column fusion_builder_column fusion-builder-column-4 fusion_builder_column_1_4 1_4 fusion-flex-column fusion-flex-align-self-flex-start\" style=\"--awb-padding-right:30px;--awb-padding-left:30px;--awb-bg-size:cover;--awb-width-large:25%;--awb-margin-top-large:0px;--awb-spacing-right-large:7.68%;--awb-margin-bottom-large:20px;--awb-spacing-left-large:7.68%;--awb-width-medium:33.333333333333%;--awb-order-medium:0;--awb-spacing-right-medium:5.76%;--awb-spacing-left-medium:5.76%;--awb-width-small:100%;--awb-order-small:0;--awb-spacing-right-small:1.92%;--awb-spacing-left-small:1.92%;\" data-scroll-devices=\"small-visibility,medium-visibility,large-visibility\"><div class=\"fusion-column-wrapper fusion-column-has-shadow fusion-flex-justify-content-flex-start fusion-content-layout-column\"><div class=\"fusion-title title fusion-title-3 fusion-sep-none fusion-title-center fusion-title-text fusion-title-size-two\" style=\"--awb-text-color:#756e65;--awb-font-size:14px;\"><h2 class=\"fusion-title-heading title-heading-center\" style=\"font-family:&quot;Poppins-Black&quot;;font-style:normal;font-weight:400;margin:0;font-size:1em;letter-spacing:2px;\">LEGAL<\/h2><\/div><div class=\"fusion-text fusion-text-5\" style=\"--awb-font-size:12px;--awb-line-height:1.5em;--awb-text-color:#756e65;--awb-text-font-family:&quot;Poppins-Light&quot;;--awb-text-font-style:normal;--awb-text-font-weight:400;\"><p style=\"text-align: center;\"><a href=\"https:\/\/gofio.shop\/aviso-legal\/\">Aviso Legal<\/a><\/p>\n<p style=\"text-align: center;\"><a href=\"https:\/\/gofio.shop\/politica-de-cookies\/\">Pol\u00edtica Cookies<\/a><\/p>\n<p style=\"text-align: center;\"><a href=\"https:\/\/gofio.shop\/politica-privacidad\/\">Pol\u00edtica Privacidad<\/a><\/p>\n<\/div><\/div><\/div><\/div><\/div>\n<\/p>\n","protected":false},"excerpt":{"rendered":"","protected":false},"author":1,"featured_media":0,"parent":0,"menu_order":0,"comment_status":"closed","ping_status":"closed","template":"100-width.php","meta":{"_monsterinsights_skip_tracking":false,"_monsterinsights_sitenote_active":false,"_monsterinsights_sitenote_note":"","_monsterinsights_sitenote_category":0,"footnotes":""},"class_list":["post-3164","page","type-page","status-publish","hentry"],"yoast_head":"<!-- This site is optimized with the Yoast SEO plugin v27.2 - https:\/\/yoast.com\/product\/yoast-seo-wordpress\/ -->\n<title>Pol\u00edtica de Calidad y Seguridad Alimentaria - Gofio La Pi\u00f1a<\/title>\n<meta name=\"robots\" content=\"index, follow, max-snippet:-1, max-image-preview:large, max-video-preview:-1\" \/>\n<link rel=\"canonical\" href=\"https:\/\/gofio.shop\/es\/politica-de-calidad-y-seguridad-alimentaria\/\" \/>\n<meta property=\"og:locale\" content=\"es_ES\" \/>\n<meta property=\"og:type\" content=\"article\" \/>\n<meta property=\"og:title\" content=\"Pol\u00edtica de Calidad y Seguridad Alimentaria - Gofio La Pi\u00f1a\" \/>\n<meta property=\"og:url\" content=\"https:\/\/gofio.shop\/es\/politica-de-calidad-y-seguridad-alimentaria\/\" \/>\n<meta property=\"og:site_name\" content=\"Gofio La Pi\u00f1a\" \/>\n<meta property=\"article:modified_time\" content=\"2024-09-16T12:54:32+00:00\" \/>\n<meta name=\"twitter:card\" content=\"summary_large_image\" \/>\n<meta name=\"twitter:label1\" content=\"Tiempo de lectura\" \/>\n\t<meta name=\"twitter:data1\" content=\"3 minutos\" \/>\n<script type=\"application\/ld+json\" class=\"yoast-schema-graph\">{\"@context\":\"https:\/\/schema.org\",\"@graph\":[{\"@type\":\"WebPage\",\"@id\":\"https:\/\/gofio.shop\/es\/politica-de-calidad-y-seguridad-alimentaria\/\",\"url\":\"https:\/\/gofio.shop\/es\/politica-de-calidad-y-seguridad-alimentaria\/\",\"name\":\"Pol\u00edtica de Calidad y Seguridad Alimentaria - Gofio La Pi\u00f1a\",\"isPartOf\":{\"@id\":\"https:\/\/gofio.shop\/es\/#website\"},\"datePublished\":\"2022-07-20T16:06:42+00:00\",\"dateModified\":\"2024-09-16T12:54:32+00:00\",\"breadcrumb\":{\"@id\":\"https:\/\/gofio.shop\/es\/politica-de-calidad-y-seguridad-alimentaria\/#breadcrumb\"},\"inLanguage\":\"es\",\"potentialAction\":[{\"@type\":\"ReadAction\",\"target\":[\"https:\/\/gofio.shop\/es\/politica-de-calidad-y-seguridad-alimentaria\/\"]}]},{\"@type\":\"BreadcrumbList\",\"@id\":\"https:\/\/gofio.shop\/es\/politica-de-calidad-y-seguridad-alimentaria\/#breadcrumb\",\"itemListElement\":[{\"@type\":\"ListItem\",\"position\":1,\"name\":\"Portada\",\"item\":\"https:\/\/gofio.shop\/es\/\"},{\"@type\":\"ListItem\",\"position\":2,\"name\":\"Pol\u00edtica de Calidad y Seguridad Alimentaria\"}]},{\"@type\":\"WebSite\",\"@id\":\"https:\/\/gofio.shop\/es\/#website\",\"url\":\"https:\/\/gofio.shop\/es\/\",\"name\":\"Gofio La Pi\u00f1a\",\"description\":\"\",\"potentialAction\":[{\"@type\":\"SearchAction\",\"target\":{\"@type\":\"EntryPoint\",\"urlTemplate\":\"https:\/\/gofio.shop\/es\/?s={search_term_string}\"},\"query-input\":{\"@type\":\"PropertyValueSpecification\",\"valueRequired\":true,\"valueName\":\"search_term_string\"}}],\"inLanguage\":\"es\"}]}<\/script>\n<!-- \/ Yoast SEO plugin. -->","yoast_head_json":{"title":"Pol\u00edtica de Calidad y Seguridad Alimentaria - Gofio La Pi\u00f1a","robots":{"index":"index","follow":"follow","max-snippet":"max-snippet:-1","max-image-preview":"max-image-preview:large","max-video-preview":"max-video-preview:-1"},"canonical":"https:\/\/gofio.shop\/es\/politica-de-calidad-y-seguridad-alimentaria\/","og_locale":"es_ES","og_type":"article","og_title":"Pol\u00edtica de Calidad y Seguridad Alimentaria - Gofio La Pi\u00f1a","og_url":"https:\/\/gofio.shop\/es\/politica-de-calidad-y-seguridad-alimentaria\/","og_site_name":"Gofio La Pi\u00f1a","article_modified_time":"2024-09-16T12:54:32+00:00","twitter_card":"summary_large_image","twitter_misc":{"Tiempo de lectura":"3 minutos"},"schema":{"@context":"https:\/\/schema.org","@graph":[{"@type":"WebPage","@id":"https:\/\/gofio.shop\/es\/politica-de-calidad-y-seguridad-alimentaria\/","url":"https:\/\/gofio.shop\/es\/politica-de-calidad-y-seguridad-alimentaria\/","name":"Pol\u00edtica de Calidad y Seguridad Alimentaria - Gofio La Pi\u00f1a","isPartOf":{"@id":"https:\/\/gofio.shop\/es\/#website"},"datePublished":"2022-07-20T16:06:42+00:00","dateModified":"2024-09-16T12:54:32+00:00","breadcrumb":{"@id":"https:\/\/gofio.shop\/es\/politica-de-calidad-y-seguridad-alimentaria\/#breadcrumb"},"inLanguage":"es","potentialAction":[{"@type":"ReadAction","target":["https:\/\/gofio.shop\/es\/politica-de-calidad-y-seguridad-alimentaria\/"]}]},{"@type":"BreadcrumbList","@id":"https:\/\/gofio.shop\/es\/politica-de-calidad-y-seguridad-alimentaria\/#breadcrumb","itemListElement":[{"@type":"ListItem","position":1,"name":"Portada","item":"https:\/\/gofio.shop\/es\/"},{"@type":"ListItem","position":2,"name":"Pol\u00edtica de Calidad y Seguridad Alimentaria"}]},{"@type":"WebSite","@id":"https:\/\/gofio.shop\/es\/#website","url":"https:\/\/gofio.shop\/es\/","name":"Gofio La Pi\u00f1a","description":"","potentialAction":[{"@type":"SearchAction","target":{"@type":"EntryPoint","urlTemplate":"https:\/\/gofio.shop\/es\/?s={search_term_string}"},"query-input":{"@type":"PropertyValueSpecification","valueRequired":true,"valueName":"search_term_string"}}],"inLanguage":"es"}]}},"_links":{"self":[{"href":"https:\/\/gofio.shop\/es\/wp-json\/wp\/v2\/pages\/3164","targetHints":{"allow":["GET"]}}],"collection":[{"href":"https:\/\/gofio.shop\/es\/wp-json\/wp\/v2\/pages"}],"about":[{"href":"https:\/\/gofio.shop\/es\/wp-json\/wp\/v2\/types\/page"}],"author":[{"embeddable":true,"href":"https:\/\/gofio.shop\/es\/wp-json\/wp\/v2\/users\/1"}],"replies":[{"embeddable":true,"href":"https:\/\/gofio.shop\/es\/wp-json\/wp\/v2\/comments?post=3164"}],"version-history":[{"count":13,"href":"https:\/\/gofio.shop\/es\/wp-json\/wp\/v2\/pages\/3164\/revisions"}],"predecessor-version":[{"id":4270,"href":"https:\/\/gofio.shop\/es\/wp-json\/wp\/v2\/pages\/3164\/revisions\/4270"}],"wp:attachment":[{"href":"https:\/\/gofio.shop\/es\/wp-json\/wp\/v2\/media?parent=3164"}],"curies":[{"name":"wp","href":"https:\/\/api.w.org\/{rel}","templated":true}]}}